{"id":3,"date":"2026-04-17T07:52:07","date_gmt":"2026-04-17T07:52:07","guid":{"rendered":"http:\/\/vantalen.com\/?page_id=3"},"modified":"2026-04-29T03:40:46","modified_gmt":"2026-04-29T03:40:46","slug":"privacy-policy","status":"publish","type":"page","link":"https:\/\/vantalen.com\/en\/privacy-policy\/","title":{"rendered":"Privacy Policy"},"content":{"rendered":"<h2 class=\"wp-block-heading\">28 abril 2026 <\/h2>\n\n\n\n<p> En <strong>Vantalen<\/strong> (<a href=\"https:\/\/vantalen.com\/en\/\" target=\"_blank\" rel=\"noreferrer noopener\">https:\/\/vantalen.com<\/a>), la privacidad de nuestros visitantes es una de nuestras prioridades. Este documento describe los tipos de informaci\u00f3n que recopilamos y c\u00f3mo la utilizamos.<\/p>\n\n\n\n<h3 class=\"wp-block-heading\">1. Informaci\u00f3n que recopilamos<\/h3>\n\n\n\n<p>      Recopilamos informaci\u00f3n de dos maneras:<\/p>\n\n\n\n<ul class=\"wp-block-list\">\n<li><strong>Informaci\u00f3n proporcionada por el usuario:<\/strong> Si decides contactarnos a trav\u00e9s de nuestro correo <code>contacto@vantalen.com<\/code> o suscribirte a boletines futuros, almacenaremos tu nombre y direcci\u00f3n de correo electr\u00f3nico.<\/li>\n\n\n\n<li><strong>Datos de navegaci\u00f3n (Log Files):<\/strong> Al igual que la mayor\u00eda de los sitios web, utilizamos archivos de registro que incluyen direcciones IP, tipo de navegador, proveedor de servicios de Internet (ISP), fecha\/hora y p\u00e1ginas de referencia. Esta informaci\u00f3n no est\u00e1 vinculada a ninguna informaci\u00f3n que sea personalmente identificable.<\/li>\n<\/ul>\n\n\n\n<h3 class=\"wp-block-heading\">2. Cookies y Web Beacons<\/h3>\n\n\n\n<p>Vantalen utiliza \u00abcookies\u00bb para almacenar informaci\u00f3n sobre las preferencias de los visitantes y optimizar su experiencia.<\/p>\n\n\n\n<h3 class=\"wp-block-heading\">3. Google Analytics<\/h3>\n\n\n\n<p>Utilizamos <strong>Google Analytics<\/strong> para entender c\u00f3mo interact\u00faan nuestros lectores con el contenido. Esta herramienta recopila datos de ubicaci\u00f3n (como el pa\u00eds desde donde nos lees, por ejemplo, EE. UU. o Pa\u00edses Bajos) y comportamiento en el sitio de forma an\u00f3nima. Puedes inhabilitar las cookies de Google Analytics a trav\u00e9s de la configuraci\u00f3n de tu navegador.<\/p>\n\n\n\n<h3 class=\"wp-block-heading\">4. Publicidad y Terceros<\/h3>\n\n\n\n<p>En el futuro, podr\u00edamos trabajar con redes publicitarias (como Google AdSense) o programas de afiliados. Estas terceras partes pueden utilizar tecnolog\u00edas como cookies para medir la efectividad de sus campa\u00f1as. Vantalen no tiene acceso ni control sobre estas cookies utilizadas por terceros.<\/p>\n\n\n\n<h3 class=\"wp-block-heading\">5. Protecci\u00f3n de Datos (Ley N\u00b0 29733 &#8211; Per\u00fa)<\/h3>\n\n\n\n<p>De acuerdo con la Ley de Protecci\u00f3n de Datos Personales en Per\u00fa, nos comprometemos a no vender, distribuir ni ceder tu informaci\u00f3n personal a terceros sin tu permiso expreso, salvo que sea requerido por una autoridad legal.<\/p>\n\n\n\n<h3 class=\"wp-block-heading\">6. Consentimiento<\/h3>\n\n\n\n<p>Al utilizar nuestro sitio web, aceptas nuestra Pol\u00edtica de Privacidad y sus t\u00e9rminos<\/p>\n\n\n\n<p><\/p>\n\n\n\n<p><\/p>\n\n\n\n<h2 class=\"wp-block-heading\"><\/h2>\n\n\n\n<p><\/p>","protected":false},"excerpt":{"rendered":"<p>28 abril 2026 En Vantalen (https:\/\/vantalen.com), la privacidad de nuestros visitantes es una de nuestras prioridades. Este documento describe los tipos de informaci\u00f3n que recopilamos y c\u00f3mo la utilizamos. 1. Informaci\u00f3n que recopilamos Recopilamos informaci\u00f3n de dos maneras: 2. Cookies y Web Beacons Vantalen utiliza \u00abcookies\u00bb para almacenar informaci\u00f3n sobre las preferencias de los visitantes [&hellip;]<\/p>\n","protected":false},"author":1,"featured_media":0,"parent":0,"menu_order":0,"comment_status":"closed","ping_status":"open","template":"","meta":{"site-sidebar-layout":"default","site-content-layout":"","ast-site-content-layout":"default","site-content-style":"default","site-sidebar-style":"default","ast-global-header-display":"","ast-banner-title-visibility":"","ast-main-header-display":"","ast-hfb-above-header-display":"","ast-hfb-below-header-display":"","ast-hfb-mobile-header-display":"","site-post-title":"","ast-breadcrumbs-content":"","ast-featured-img":"","footer-sml-layout":"","ast-disable-related-posts":"","theme-transparent-header-meta":"","adv-header-id-meta":"","stick-header-meta":"","header-above-stick-meta":"","header-main-stick-meta":"","header-below-stick-meta":"","astra-migrate-meta-layouts":"set","ast-page-background-enabled":"default","ast-page-background-meta":{"desktop":{"background-color":"","background-image":"","background-repeat":"repeat","background-position":"center center","background-size":"auto","background-attachment":"scroll","background-type":"","background-media":"","overlay-type":"","overlay-color":"","overlay-opacity":"","overlay-gradient":""},"tablet":{"background-color":"","background-image":"","background-repeat":"repeat","background-position":"center center","background-size":"auto","background-attachment":"scroll","background-type":"","background-media":"","overlay-type":"","overlay-color":"","overlay-opacity":"","overlay-gradient":""},"mobile":{"background-color":"","background-image":"","background-repeat":"repeat","background-position":"center center","background-size":"auto","background-attachment":"scroll","background-type":"","background-media":"","overlay-type":"","overlay-color":"","overlay-opacity":"","overlay-gradient":""}},"ast-content-background-meta":{"desktop":{"background-color":"var(--ast-global-color-5)","background-image":"","background-repeat":"repeat","background-position":"center center","background-size":"auto","background-attachment":"scroll","background-type":"","background-media":"","overlay-type":"","overlay-color":"","overlay-opacity":"","overlay-gradient":""},"tablet":{"background-color":"var(--ast-global-color-5)","background-image":"","background-repeat":"repeat","background-position":"center center","background-size":"auto","background-attachment":"scroll","background-type":"","background-media":"","overlay-type":"","overlay-color":"","overlay-opacity":"","overlay-gradient":""},"mobile":{"background-color":"var(--ast-global-color-5)","background-image":"","background-repeat":"repeat","background-position":"center center","background-size":"auto","background-attachment":"scroll","background-type":"","background-media":"","overlay-type":"","overlay-color":"","overlay-opacity":"","overlay-gradient":""}},"footnotes":""},"class_list":["post-3","page","type-page","status-publish","hentry"],"_hostinger_reach_plugin_has_subscription_block":false,"_hostinger_reach_plugin_is_elementor":false,"_links":{"self":[{"href":"https:\/\/vantalen.com\/en\/wp-json\/wp\/v2\/pages\/3","targetHints":{"allow":["GET"]}}],"collection":[{"href":"https:\/\/vantalen.com\/en\/wp-json\/wp\/v2\/pages"}],"about":[{"href":"https:\/\/vantalen.com\/en\/wp-json\/wp\/v2\/types\/page"}],"author":[{"embeddable":true,"href":"https:\/\/vantalen.com\/en\/wp-json\/wp\/v2\/users\/1"}],"replies":[{"embeddable":true,"href":"https:\/\/vantalen.com\/en\/wp-json\/wp\/v2\/comments?post=3"}],"version-history":[{"count":4,"href":"https:\/\/vantalen.com\/en\/wp-json\/wp\/v2\/pages\/3\/revisions"}],"predecessor-version":[{"id":2234,"href":"https:\/\/vantalen.com\/en\/wp-json\/wp\/v2\/pages\/3\/revisions\/2234"}],"wp:attachment":[{"href":"https:\/\/vantalen.com\/en\/wp-json\/wp\/v2\/media?parent=3"}],"curies":[{"name":"wp","href":"https:\/\/api.w.org\/{rel}","templated":true}]}}