{"id":2217,"date":"2026-04-29T01:43:13","date_gmt":"2026-04-29T01:43:13","guid":{"rendered":"https:\/\/vantalen.com\/?page_id=2217"},"modified":"2026-04-29T01:43:26","modified_gmt":"2026-04-29T01:43:26","slug":"about-us","status":"publish","type":"page","link":"https:\/\/vantalen.com\/en\/about-us\/","title":{"rendered":"About Us"},"content":{"rendered":"<p class=\"has-medium-font-size\">Vantalen nace como un espacio dedicado al an\u00e1lisis multidisciplinario y period\u00edstico. Creemos que los grandes fen\u00f3menos de nuestra era \u2014desde la evoluci\u00f3n de la Inteligencia Artificial hasta los cambios en la gobernanza global\u2014 no pueden entenderse desde una sola disciplina. <\/p>\n\n\n\n<p class=\"has-large-font-size\"><strong>\u00bfQui\u00e9nes somos?<\/strong>  <\/p>\n\n\n\n<p class=\"has-medium-font-size\">Vantalen es una plataforma fundada y creada por un grupo de estudiantes internacionales de diversas disciplinas como derecho, pedagog\u00eda, medicina, etc.                                                                                                                                                                                                                       Como aficionados a la investigaci\u00f3n y con carreras en formaci\u00f3n, intentamos hacer algo de beneficio para las personas y poder sacar algo de redito econ\u00f3mico con ello. Esta revista es el resultado de esa b\u00fasqueda de conectar diversos puntos de vista en varias disciplinas.             <\/p>\n\n\n\n<p class=\"has-large-font-size\"><strong>Nuestros valores<\/strong>:<\/p>\n\n\n\n<p class=\"has-medium-font-size\">  <strong>Independencia: <\/strong>No respondemos a intereses corporativos ni pol\u00edticos.<\/p>\n\n\n\n<p class=\"has-medium-font-size\"> <strong> Rigor:  <\/strong>Cada an\u00e1lisis se construye sobre bases investigativas s\u00f3lidas, aceptamos la cr\u00edtica y correcci\u00f3n por parte de la         comunidad.         <\/p>\n\n\n\n<p class=\"has-medium-font-size\">  <strong>Transparencia:<\/strong> Creemos en el intercambio libre de ideas y en el valor del pensamiento cr\u00edtico<\/p>\n\n\n\n<p class=\"has-medium-font-size\">Si desea colaborar, proponer un tema de an\u00e1lisis o publicidad, puede comunicarse al correo <strong>infovantalen@gmail.com<\/strong><\/p>","protected":false},"excerpt":{"rendered":"<p>Vantalen nace como un espacio dedicado al an\u00e1lisis multidisciplinario y period\u00edstico. Creemos que los grandes fen\u00f3menos de nuestra era \u2014desde la evoluci\u00f3n de la Inteligencia Artificial hasta los cambios en la gobernanza global\u2014 no pueden entenderse desde una sola disciplina. \u00bfQui\u00e9nes somos? Vantalen es una plataforma fundada y creada por un grupo de estudiantes internacionales [&hellip;]<\/p>\n","protected":false},"author":1,"featured_media":0,"parent":0,"menu_order":0,"comment_status":"closed","ping_status":"closed","template":"","meta":{"site-sidebar-layout":"default","site-content-layout":"","ast-site-content-layout":"default","site-content-style":"default","site-sidebar-style":"default","ast-global-header-display":"","ast-banner-title-visibility":"","ast-main-header-display":"","ast-hfb-above-header-display":"","ast-hfb-below-header-display":"","ast-hfb-mobile-header-display":"","site-post-title":"","ast-breadcrumbs-content":"","ast-featured-img":"","footer-sml-layout":"","ast-disable-related-posts":"","theme-transparent-header-meta":"","adv-header-id-meta":"","stick-header-meta":"","header-above-stick-meta":"","header-main-stick-meta":"","header-below-stick-meta":"","astra-migrate-meta-layouts":"set","ast-page-background-enabled":"default","ast-page-background-meta":{"desktop":{"background-color":"","background-image":"","background-repeat":"repeat","background-position":"center center","background-size":"auto","background-attachment":"scroll","background-type":"","background-media":"","overlay-type":"","overlay-color":"","overlay-opacity":"","overlay-gradient":""},"tablet":{"background-color":"","background-image":"","background-repeat":"repeat","background-position":"center center","background-size":"auto","background-attachment":"scroll","background-type":"","background-media":"","overlay-type":"","overlay-color":"","overlay-opacity":"","overlay-gradient":""},"mobile":{"background-color":"","background-image":"","background-repeat":"repeat","background-position":"center center","background-size":"auto","background-attachment":"scroll","background-type":"","background-media":"","overlay-type":"","overlay-color":"","overlay-opacity":"","overlay-gradient":""}},"ast-content-background-meta":{"desktop":{"background-color":"var(--ast-global-color-5)","background-image":"","background-repeat":"repeat","background-position":"center center","background-size":"auto","background-attachment":"scroll","background-type":"","background-media":"","overlay-type":"","overlay-color":"","overlay-opacity":"","overlay-gradient":""},"tablet":{"background-color":"var(--ast-global-color-5)","background-image":"","background-repeat":"repeat","background-position":"center center","background-size":"auto","background-attachment":"scroll","background-type":"","background-media":"","overlay-type":"","overlay-color":"","overlay-opacity":"","overlay-gradient":""},"mobile":{"background-color":"var(--ast-global-color-5)","background-image":"","background-repeat":"repeat","background-position":"center center","background-size":"auto","background-attachment":"scroll","background-type":"","background-media":"","overlay-type":"","overlay-color":"","overlay-opacity":"","overlay-gradient":""}},"footnotes":""},"class_list":["post-2217","page","type-page","status-publish","hentry"],"_hostinger_reach_plugin_has_subscription_block":false,"_hostinger_reach_plugin_is_elementor":false,"_links":{"self":[{"href":"https:\/\/vantalen.com\/en\/wp-json\/wp\/v2\/pages\/2217","targetHints":{"allow":["GET"]}}],"collection":[{"href":"https:\/\/vantalen.com\/en\/wp-json\/wp\/v2\/pages"}],"about":[{"href":"https:\/\/vantalen.com\/en\/wp-json\/wp\/v2\/types\/page"}],"author":[{"embeddable":true,"href":"https:\/\/vantalen.com\/en\/wp-json\/wp\/v2\/users\/1"}],"replies":[{"embeddable":true,"href":"https:\/\/vantalen.com\/en\/wp-json\/wp\/v2\/comments?post=2217"}],"version-history":[{"count":4,"href":"https:\/\/vantalen.com\/en\/wp-json\/wp\/v2\/pages\/2217\/revisions"}],"predecessor-version":[{"id":2221,"href":"https:\/\/vantalen.com\/en\/wp-json\/wp\/v2\/pages\/2217\/revisions\/2221"}],"wp:attachment":[{"href":"https:\/\/vantalen.com\/en\/wp-json\/wp\/v2\/media?parent=2217"}],"curies":[{"name":"wp","href":"https:\/\/api.w.org\/{rel}","templated":true}]}}